{"id":1040,"date":"2024-03-04T10:20:13","date_gmt":"2024-03-04T10:20:13","guid":{"rendered":"https:\/\/lisaaloylya.fi\/policy-for-kakor\/"},"modified":"2024-03-04T10:20:13","modified_gmt":"2024-03-04T10:20:13","slug":"policy-for-kakor","status":"publish","type":"page","link":"https:\/\/lisaaloylya.fi\/sv\/policy-for-kakor\/","title":{"rendered":"Policy f\u00f6r kakor"},"content":{"rendered":"<div class=\"cli_pg_page_contaner\">\n<h3>Om denna cookiepolicy<\/h3>\n<div>\n<p>Denna cookiepolicy f\u00f6rklarar vad cookies \u00e4r och hur vi anv\u00e4nder dem. Du b\u00f6r l\u00e4sa denna policy f\u00f6r att f\u00f6rst\u00e5 vad cookies \u00e4r, hur vi anv\u00e4nder dem, vilka typer av cookies vi anv\u00e4nder, dvs. vilken information vi samlar in med hj\u00e4lp av cookies och hur denna information anv\u00e4nds samt hur du kontrollerar cookieinst\u00e4llningarna. Mer information om hur vi anv\u00e4nder, lagrar och skyddar dina personuppgifter finns i v\u00e5r integritetspolicy.<\/p>\n<p>Du kan n\u00e4r som helst \u00e4ndra eller \u00e5terkalla ditt samtycke fr\u00e5n Cookie-deklarationen p\u00e5 v\u00e5r webbplats.<\/p>\n<p>L\u00e4s mer om vilka vi \u00e4r, hur du kan kontakta oss och hur vi behandlar personuppgifter i v\u00e5r integritetspolicy.<\/p>\n<p>Ditt samtycke g\u00e4ller f\u00f6r f\u00f6ljande dom\u00e4ner: <a href=\"https:\/\/lisaaloylya.fi\/sv\/\">lisaaloylya.fi<\/a><\/p>\n<p>[user_consent_state]<\/p>\n<\/div>\n<h3>Vad \u00e4r cookies?<\/h3>\n<div>\n<p>Cookies \u00e4r sm\u00e5 textfiler som anv\u00e4nds f\u00f6r att lagra sm\u00e5 bitar av information. Cookies lagras p\u00e5 din enhet n\u00e4r webbplatsen laddas i din webbl\u00e4sare. Dessa cookies hj\u00e4lper oss att f\u00e5 webbplatsen att fungera korrekt, g\u00f6ra webbplatsen s\u00e4krare, ge b\u00e4ttre anv\u00e4ndarupplevelse och f\u00f6rst\u00e5 hur webbplatsen fungerar och att analysera vad som fungerar och var den beh\u00f6ver f\u00f6rb\u00e4ttras.<\/p>\n<\/div>\n<h3>Hur anv\u00e4nder vi cookies?<\/h3>\n<div>\n<p>Som de flesta onlinetj\u00e4nster anv\u00e4nder v\u00e5r webbplats f\u00f6rstaparts- och tredjepartscookies f\u00f6r ett antal \u00e4ndam\u00e5l. F\u00f6rstapartscookies \u00e4r oftast n\u00f6dv\u00e4ndiga f\u00f6r att webbplatsen ska fungera p\u00e5 r\u00e4tt s\u00e4tt, och de samlar inte in n\u00e5gra av dina personligt identifierbara uppgifter.<\/p>\n<p>De tredjepartscookies som anv\u00e4nds p\u00e5 v\u00e5ra webbplatser anv\u00e4nds fr\u00e4mst f\u00f6r att f\u00f6rst\u00e5 hur webbplatsen fungerar, hur du interagerar med v\u00e5r webbplats, h\u00e5lla v\u00e5ra tj\u00e4nster s\u00e4kra, tillhandah\u00e5lla annonser som \u00e4r relevanta f\u00f6r dig, och allt som allt ge dig en b\u00e4ttre och f\u00f6rb\u00e4ttrad anv\u00e4ndarupplevelse och hj\u00e4lpa till att p\u00e5skynda dina framtida interaktioner med v\u00e5r webbplats.<\/p>\n<\/div>\n<h3>Vilka typer av cookies anv\u00e4nder vi?<\/h3>\n<div>\n<p><span style=\"font-weight: bold;\">Viktiga<\/span>: Vissa cookies \u00e4r n\u00f6dv\u00e4ndiga f\u00f6r att du ska kunna anv\u00e4nda alla funktioner p\u00e5 v\u00e5r webbplats. De g\u00f6r det m\u00f6jligt f\u00f6r oss att uppr\u00e4tth\u00e5lla anv\u00e4ndarsessioner och f\u00f6rhindra eventuella s\u00e4kerhetshot. De samlar inte in eller lagrar n\u00e5gon personlig information. Med hj\u00e4lp av dessa cookies kan du till exempel logga in p\u00e5 ditt konto och l\u00e4gga till produkter i din varukorg och checka ut p\u00e5 ett s\u00e4kert s\u00e4tt.<\/p>\n<p><span style=\"font-weight: bold;\">Statistik:<\/span> Dessa cookies lagrar information som antalet bes\u00f6kare p\u00e5 webbplatsen, antalet unika bes\u00f6kare, vilka sidor p\u00e5 webbplatsen som har bes\u00f6kts, k\u00e4llan till bes\u00f6ket etc. Dessa uppgifter hj\u00e4lper oss att f\u00f6rst\u00e5 och analysera hur v\u00e4l webbplatsen fungerar och var den beh\u00f6ver f\u00f6rb\u00e4ttras.<\/p>\n<p><span style=\"font-weight: bold;\">Marknadsf\u00f6ring:<\/span> P\u00e5 v\u00e5r webbplats visas annonser. Dessa cookies anv\u00e4nds f\u00f6r att anpassa de annonser som vi visar f\u00f6r dig s\u00e5 att de \u00e4r meningsfulla f\u00f6r dig. Dessa cookies hj\u00e4lper oss ocks\u00e5 att h\u00e5lla reda p\u00e5 hur effektiva dessa annonskampanjer \u00e4r.<\/p>\n<p>Den information som lagras i dessa cookies kan ocks\u00e5 anv\u00e4ndas av tredjepartsannonsleverant\u00f6rer f\u00f6r att visa dig annonser p\u00e5 andra webbplatser i webbl\u00e4saren.<\/p>\n<p><span style=\"font-weight: bold;\">Funktionella:<\/span> Det h\u00e4r \u00e4r cookies som hj\u00e4lper vissa icke-v\u00e4sentliga funktioner p\u00e5 v\u00e5r webbplats. Dessa funktioner inkluderar inb\u00e4ddning av inneh\u00e5ll som videor eller delning av inneh\u00e5ll p\u00e5 webbplatsen p\u00e5 sociala medieplattformar.<\/p>\n<p><span style=\"font-weight: bold;\">Preferenser:<\/span> dessa cookies hj\u00e4lper oss att lagra dina inst\u00e4llningar och webbl\u00e4sarpreferenser som spr\u00e5kinst\u00e4llningar s\u00e5 att du f\u00e5r en b\u00e4ttre och effektivare upplevelse vid framtida bes\u00f6k p\u00e5 webbplatsen.<\/p>\n<p>[cookie_audit columns=&#8221;cookie,description&#8221; heading=&#8221;The below list details the cookies used in our website.&#8221;]<\/p>\n<\/div>\n<h3>Hur kan jag kontrollera inst\u00e4llningarna f\u00f6r cookies?<\/h3>\n<div>\n<p>Om du vill \u00e4ndra dina inst\u00e4llningar senare under din webbl\u00e4sarsession kan du klicka p\u00e5 fliken &#8221;Sekretess- och cookiepolicy&#8221; p\u00e5 din sk\u00e4rm. D\u00e5 visas meddelandet om samtycke igen s\u00e5 att du kan \u00e4ndra dina preferenser eller helt \u00e5terkalla ditt samtycke.<\/p>\n<p>Dessutom erbjuder olika webbl\u00e4sare olika metoder f\u00f6r att blockera och radera cookies som anv\u00e4nds av webbplatser. Du kan \u00e4ndra inst\u00e4llningarna i din webbl\u00e4sare f\u00f6r att blockera\/radera cookies. F\u00f6r mer information om hur du hanterar och tar bort cookies, bes\u00f6k <a href=\"https:\/\/en.wikipedia.org\/wiki\/HTTP_cookie\" target=\"_blank\" rel=\"nofollow noopener noreferrer\">wikipedia.org<\/a>, <a href=\"http:\/\/www.allaboutcookies.org\/\" target=\"_blank\" rel=\"nofollow noopener noreferrer\">www.allaboutcookies.org<\/a>.<\/p>\n<\/div>\n<\/div>\n","protected":false},"excerpt":{"rendered":"<p>Om denna cookiepolicy Denna cookiepolicy f\u00f6rklarar vad cookies \u00e4r och hur vi anv\u00e4nder dem. Du b\u00f6r l\u00e4sa denna policy f\u00f6r att f\u00f6rst\u00e5 vad cookies \u00e4r, hur vi anv\u00e4nder dem, vilka typer av cookies vi anv\u00e4nder, dvs. vilken information vi samlar in med hj\u00e4lp av cookies och hur denna information anv\u00e4nds samt hur du kontrollerar cookieinst\u00e4llningarna. [&hellip;]<\/p>\n","protected":false},"author":1,"featured_media":0,"parent":0,"menu_order":0,"comment_status":"closed","ping_status":"closed","template":"","meta":{"_et_pb_use_builder":"","_et_pb_old_content":"","_et_gb_content_width":"","footnotes":""},"class_list":["post-1040","page","type-page","status-publish","hentry"],"_links":{"self":[{"href":"https:\/\/lisaaloylya.fi\/sv\/wp-json\/wp\/v2\/pages\/1040","targetHints":{"allow":["GET"]}}],"collection":[{"href":"https:\/\/lisaaloylya.fi\/sv\/wp-json\/wp\/v2\/pages"}],"about":[{"href":"https:\/\/lisaaloylya.fi\/sv\/wp-json\/wp\/v2\/types\/page"}],"author":[{"embeddable":true,"href":"https:\/\/lisaaloylya.fi\/sv\/wp-json\/wp\/v2\/users\/1"}],"replies":[{"embeddable":true,"href":"https:\/\/lisaaloylya.fi\/sv\/wp-json\/wp\/v2\/comments?post=1040"}],"version-history":[{"count":0,"href":"https:\/\/lisaaloylya.fi\/sv\/wp-json\/wp\/v2\/pages\/1040\/revisions"}],"wp:attachment":[{"href":"https:\/\/lisaaloylya.fi\/sv\/wp-json\/wp\/v2\/media?parent=1040"}],"curies":[{"name":"wp","href":"https:\/\/api.w.org\/{rel}","templated":true}]}}