{"id":2079,"date":"2024-07-02T13:08:58","date_gmt":"2024-07-02T13:08:58","guid":{"rendered":"https:\/\/lisaaloylya.fi\/?page_id=2079"},"modified":"2026-04-02T12:50:37","modified_gmt":"2026-04-02T12:50:37","slug":"hem","status":"publish","type":"page","link":"https:\/\/lisaaloylya.fi\/sv\/","title":{"rendered":"Hem"},"content":{"rendered":"<p>[et_pb_section fb_built=&#8221;1&#8243; _builder_version=&#8221;4.27.2&#8243; background_color=&#8221;rgba(0,0,0,0)&#8221; custom_padding=&#8221;0px||||false|false&#8221; global_colors_info=&#8221;{}&#8221; theme_builder_area=&#8221;post_content&#8221;][et_pb_row _builder_version=&#8221;4.24.2&#8243; background_size=&#8221;initial&#8221; background_position=&#8221;top_left&#8221; background_repeat=&#8221;repeat&#8221; global_colors_info=&#8221;{}&#8221; theme_builder_area=&#8221;post_content&#8221;][et_pb_column type=&#8221;4_4&#8243; _builder_version=&#8221;4.16&#8243; custom_padding=&#8221;|||&#8221; global_colors_info=&#8221;{}&#8221; custom_padding__hover=&#8221;|||&#8221; theme_builder_area=&#8221;post_content&#8221;][ba_gradient_heading title=&#8221;Lis\u00e4\u00e4 L\u00f6yly\u00e4 12-13.6.2026 &#8211; Vasa&#8221; primary_color=&#8221;#EDF000&#8243; primary_color_location=&#8221;32&#8243; secondary_color=&#8221;#fc6423&#8243; secondary_color_location=&#8221;60&#8243; angle=&#8221;180&#8243; _builder_version=&#8221;4.27.4&#8243; _module_preset=&#8221;default&#8221; title_font=&#8221;|700||||on|||&#8221; title_text_align=&#8221;center&#8221; title_font_size=&#8221;51px&#8221; global_colors_info=&#8221;{}&#8221; theme_builder_area=&#8221;post_content&#8221;][\/ba_gradient_heading][et_pb_cta title=&#8221;Early Bird biljetter 2 dagar119\u20ac&#8221; button_url=&#8221;https:\/\/embed.netticket.fi\/lisaa-loylya-2026?language=sv&#8221; button_text=&#8221;Shoppa h\u00e4r!&#8221; _builder_version=&#8221;4.27.6&#8243; _module_preset=&#8221;default&#8221; header_font=&#8221;|700||on|||||&#8221; header_text_color=&#8221;#000000&#8243; header_letter_spacing=&#8221;1px&#8221; header_line_height=&#8221;1.3em&#8221; body_font=&#8221;|600|||||||&#8221; body_text_color=&#8221;#000000&#8243; body_font_size=&#8221;16px&#8221; use_background_color_gradient=&#8221;on&#8221; background_color_gradient_stops=&#8221;#edf000 0%|#e02b20 100%&#8221; custom_button=&#8221;on&#8221; button_text_color=&#8221;#EDF000&#8243; button_bg_color=&#8221;#E02B20&#8243; button_border_radius=&#8221;10px&#8221; button_letter_spacing=&#8221;2px&#8221; button_font=&#8221;|700|||||||&#8221; hover_enabled=&#8221;0&#8243; border_radii=&#8221;on|20px|20px|20px|20px&#8221; global_colors_info=&#8221;{}&#8221; theme_builder_area=&#8221;post_content&#8221; sticky_enabled=&#8221;0&#8243;]<\/p>\n<p>Lis\u00e4\u00e4 L\u00f6yly\u00e4 Rock-festivalen fyller 10 \u00e5r under det kommande \u00e5ret 2026.<br \/>Early Bird biljetter 2 dagar 119\u20ac (G\u00e4ller fr\u00e5n 1.4).<\/p>\n<p>[\/et_pb_cta][et_pb_cta title=&#8221;2 Dagars VIP Early Bird 219\u20ac&#8221; button_url=&#8221;https:\/\/embed.netticket.fi\/lisaa-loylya-2026?language=sv&#8221; button_text=&#8221;Shoppa h\u00e4r!&#8221; _builder_version=&#8221;4.27.5&#8243; _module_preset=&#8221;default&#8221; header_font=&#8221;|700||on|||||&#8221; header_text_color=&#8221;#000000&#8243; header_letter_spacing=&#8221;1px&#8221; header_line_height=&#8221;1.3em&#8221; body_font=&#8221;|600|||||||&#8221; body_text_color=&#8221;#000000&#8243; body_font_size=&#8221;16px&#8221; use_background_color_gradient=&#8221;on&#8221; background_color_gradient_stops=&#8221;#edf000 0%|#e02b20 100%&#8221; custom_button=&#8221;on&#8221; button_text_color=&#8221;#EDF000&#8243; button_bg_color=&#8221;#E02B20&#8243; button_border_radius=&#8221;10px&#8221; button_letter_spacing=&#8221;2px&#8221; button_font=&#8221;|700|||||||&#8221; border_radii=&#8221;on|20px|20px|20px|20px&#8221; global_colors_info=&#8221;{}&#8221; theme_builder_area=&#8221;post_content&#8221;]<\/p>\n<p>Lis\u00e4\u00e4 L\u00f6yly\u00e4 Rock-festivalen fyller 10 \u00e5r under det kommande \u00e5ret 2026.<br \/>2 Dagars VIP Early Bird biljetter 219\u20ac. (G\u00e4ller t.o.m. 28 februari) <\/p>\n<p>[\/et_pb_cta][\/et_pb_column][\/et_pb_row][et_pb_row column_structure=&#8221;1_2,1_2&#8243; disabled_on=&#8221;on|on|on&#8221; _builder_version=&#8221;4.27.4&#8243; _module_preset=&#8221;default&#8221; disabled=&#8221;on&#8221; global_colors_info=&#8221;{}&#8221; theme_builder_area=&#8221;post_content&#8221;][et_pb_column type=&#8221;1_2&#8243; _builder_version=&#8221;4.27.4&#8243; _module_preset=&#8221;default&#8221; global_colors_info=&#8221;{}&#8221; theme_builder_area=&#8221;post_content&#8221;][et_pb_image src=&#8221;https:\/\/lisaaloylya.fi\/wp-content\/uploads\/2025\/06\/aikataulu_perjantai_2025.jpg&#8221; alt=&#8221;Program fredag&#8221; title_text=&#8221;Program fredag&#8221; show_in_lightbox=&#8221;on&#8221; _builder_version=&#8221;4.27.4&#8243; _module_preset=&#8221;default&#8221; global_colors_info=&#8221;{}&#8221; theme_builder_area=&#8221;post_content&#8221;][\/et_pb_image][\/et_pb_column][et_pb_column type=&#8221;1_2&#8243; _builder_version=&#8221;4.27.4&#8243; _module_preset=&#8221;default&#8221; global_colors_info=&#8221;{}&#8221; theme_builder_area=&#8221;post_content&#8221;][et_pb_image src=&#8221;https:\/\/lisaaloylya.fi\/wp-content\/uploads\/2025\/06\/aikataulu_lauantai_2025.jpg&#8221; alt=&#8221;Program l\u00f6rdag&#8221; title_text=&#8221;Program l\u00f6rdag&#8221; show_in_lightbox=&#8221;on&#8221; _builder_version=&#8221;4.27.4&#8243; _module_preset=&#8221;default&#8221; global_colors_info=&#8221;{}&#8221; theme_builder_area=&#8221;post_content&#8221;][\/et_pb_image][\/et_pb_column][\/et_pb_row][\/et_pb_section][et_pb_section fb_built=&#8221;1&#8243; disabled_on=&#8221;off|off|off&#8221; _builder_version=&#8221;4.27.4&#8243; _module_preset=&#8221;default&#8221; background_color=&#8221;RGBA(255,255,255,0)&#8221; width=&#8221;100%&#8221; max_width=&#8221;100%&#8221; custom_margin=&#8221;0px||0px||true|false&#8221; custom_padding=&#8221;0px||0px||true|false&#8221; mix_blend_mode=&#8221;darken&#8221; global_colors_info=&#8221;{}&#8221; theme_builder_area=&#8221;post_content&#8221;][et_pb_row _builder_version=&#8221;4.27.2&#8243; _module_preset=&#8221;default&#8221; global_colors_info=&#8221;{}&#8221; theme_builder_area=&#8221;post_content&#8221;][et_pb_column type=&#8221;4_4&#8243; _builder_version=&#8221;4.27.2&#8243; _module_preset=&#8221;default&#8221; global_colors_info=&#8221;{}&#8221; theme_builder_area=&#8221;post_content&#8221;][disq_post_grid list_post_display_by=&#8221;category&#8221; list_post_include_categories=&#8221;44&#8243; list_post_order_by=&#8221;date&#8221; list_post_order=&#8221;DESC&#8221; list_post_count=&#8221;518&#8243; list_item_gap=&#8221;20px&#8221; pagination_old_entries_text=&#8221;Older&#8221; pagination_next_entries_text=&#8221;Next&#8221; list_number_of_columns_tablet=&#8221;2&#8243; list_number_of_columns_phone=&#8221;1&#8243; list_number_of_columns_last_edited=&#8221;on|desktop&#8221; _builder_version=&#8221;4.27.5&#8243; _module_preset=&#8221;default&#8221; border_radii_wrapper=&#8221;on|10px|10px|10px|10px&#8221; border_width_all_wrapper=&#8221;1px&#8221; border_color_all_wrapper=&#8221;#E02B20&#8243; global_colors_info=&#8221;{}&#8221; theme_builder_area=&#8221;post_content&#8221;][disq_post_grid_child element=&#8221;featured_image&#8221; link_to_post__enable=&#8221;on&#8221; element_text_orientation=&#8221;center&#8221; parent_prop_date_format=&#8221;{%22date_format%22:%22M j, Y%22}&#8221; _builder_version=&#8221;4.27.4&#8243; _module_preset=&#8221;default&#8221; global_colors_info=&#8221;{}&#8221; theme_builder_area=&#8221;post_content&#8221;][\/disq_post_grid_child][disq_post_grid_child element=&#8221;title&#8221; element_title_tag=&#8221;div&#8221; link_to_post__enable=&#8221;on&#8221; element_text_orientation=&#8221;center&#8221; parent_prop_date_format=&#8221;{%22date_format%22:%22M j, Y%22}&#8221; _builder_version=&#8221;4.27.4&#8243; _module_preset=&#8221;default&#8221; element_text_font=&#8221;|||||on|||&#8221; element_text_text_color=&#8221;#EDF000&#8243; element_text_font_size=&#8221;22px&#8221; element_text_letter_spacing=&#8221;1px&#8221; global_colors_info=&#8221;{}&#8221; theme_builder_area=&#8221;post_content&#8221;][\/disq_post_grid_child][disq_post_grid_child element=&#8221;read_more&#8221; element_read_more_text=&#8221;L\u00e4s mera&#8221; link_to_post__enable=&#8221;on&#8221; element_icon=&#8221;&#x3d;||divi||400&#8243; element_icon_color=&#8221;#E02B20&#8243; element_icon_text_gap=&#8221;10px&#8221; element_icon_vertical_alignment=&#8221;center&#8221; element_text_orientation=&#8221;center&#8221; parent_prop_date_format=&#8221;{%22date_format%22:%22M j, Y%22}&#8221; _builder_version=&#8221;4.27.4&#8243; _module_preset=&#8221;default&#8221; element_text_text_color=&#8221;#E02B20&#8243; global_colors_info=&#8221;{}&#8221; theme_builder_area=&#8221;post_content&#8221;][\/disq_post_grid_child][\/disq_post_grid][\/et_pb_column][\/et_pb_row][et_pb_row _builder_version=&#8221;4.27.4&#8243; _module_preset=&#8221;default&#8221; global_colors_info=&#8221;{}&#8221; theme_builder_area=&#8221;post_content&#8221;][et_pb_column type=&#8221;4_4&#8243; _builder_version=&#8221;4.27.4&#8243; _module_preset=&#8221;default&#8221; global_colors_info=&#8221;{}&#8221; theme_builder_area=&#8221;post_content&#8221;][\/et_pb_column][\/et_pb_row][\/et_pb_section][et_pb_section fb_built=&#8221;1&#8243; fullwidth=&#8221;on&#8221; _builder_version=&#8221;4.27.4&#8243; _module_preset=&#8221;default&#8221; custom_margin=&#8221;50px||||false|false&#8221; global_colors_info=&#8221;{}&#8221; theme_builder_area=&#8221;post_content&#8221;][et_pb_fullwidth_code _builder_version=&#8221;4.27.4&#8243; _module_preset=&#8221;default&#8221; global_colors_info=&#8221;{}&#8221; theme_builder_area=&#8221;post_content&#8221;]<!-- Groweo SmartForm --><!-- [et_pb_line_break_holder] --><\/p>\n<div class=\"gw-smartform\"><!-- [et_pb_line_break_holder] -->  <script src=\"https:\/\/engine3.groweo.com\/smartBlock\/script.js\" data-cookieconsent=\"ignore\" data-no-optimize=\"1\" data-no-lazy=\"1\"><\/script><!-- [et_pb_line_break_holder] --><iframe id=\"65d2fed6b9200fefb4e47990-65ae39e8d2ebf26c09fb3c78-inpage\" src=\"https:\/\/engine3.groweo.com\/smartBlock\/?url=https:\/\/engine3.groweo.com\/api\/65ae39e8d2ebf26c09fb3c78\/65d2fed6b9200fefb4e47990&amp;publishUrl=https:\/\/engine3.groweo.com\/api\/session\/response&amp;workspaceId=65ae39e8d2ebf26c09fb3c78&amp;moduleId=65d2fed6b9200fefb4e47990&amp;inPage=true&amp;isPreview=false&amp;language=fi\" height=\"100%\" width=\"100%\" frameborder=\"0\" scrolling=\"no\"><!-- [et_pb_line_break_holder] --><\/iframe><!-- [et_pb_line_break_holder] --><\/div>\n<p><!-- [et_pb_line_break_holder] -->[\/et_pb_fullwidth_code][\/et_pb_section]<\/p>\n","protected":false},"excerpt":{"rendered":"<p><div class=\"et_pb_module ba_gradient_heading ba_gradient_heading_0\">\n\t\t\t\t\n\t\t\t\t\n\t\t\t\t\n\t\t\t\t\n\t\t\t\t\n\t\t\t\t\n\t\t\t\t<div class=\"et_pb_module_inner\">\n\t\t\t\t\t<h1 class=\"dtq-gradient-heading\">Lis\u00e4\u00e4 L\u00f6yly\u00e4 12-13.6.2026 - Vasa<\/h1>\n\t\t\t\t<\/div>\n\t\t\t<\/div>Lis\u00e4\u00e4 L\u00f6yly\u00e4 Rock-festivalen fyller 10 \u00e5r under det kommande \u00e5ret 2026.Early Bird biljetter 2 dagar 119\u20ac (G\u00e4ller fr\u00e5n 1.4).Lis\u00e4\u00e4 L\u00f6yly\u00e4 Rock-festivalen fyller 10 \u00e5r under det kommande \u00e5ret 2026.2 Dagars VIP Early Bird biljetter 219\u20ac. (G\u00e4ller t.o.m. 28 [&hellip;]<\/p>\n","protected":false},"author":1,"featured_media":0,"parent":0,"menu_order":0,"comment_status":"closed","ping_status":"closed","template":"","meta":{"_et_pb_use_builder":"on","_et_pb_old_content":"","_et_gb_content_width":"","footnotes":""},"class_list":["post-2079","page","type-page","status-publish","hentry"],"_links":{"self":[{"href":"https:\/\/lisaaloylya.fi\/sv\/wp-json\/wp\/v2\/pages\/2079","targetHints":{"allow":["GET"]}}],"collection":[{"href":"https:\/\/lisaaloylya.fi\/sv\/wp-json\/wp\/v2\/pages"}],"about":[{"href":"https:\/\/lisaaloylya.fi\/sv\/wp-json\/wp\/v2\/types\/page"}],"author":[{"embeddable":true,"href":"https:\/\/lisaaloylya.fi\/sv\/wp-json\/wp\/v2\/users\/1"}],"replies":[{"embeddable":true,"href":"https:\/\/lisaaloylya.fi\/sv\/wp-json\/wp\/v2\/comments?post=2079"}],"version-history":[{"count":5,"href":"https:\/\/lisaaloylya.fi\/sv\/wp-json\/wp\/v2\/pages\/2079\/revisions"}],"predecessor-version":[{"id":3616,"href":"https:\/\/lisaaloylya.fi\/sv\/wp-json\/wp\/v2\/pages\/2079\/revisions\/3616"}],"wp:attachment":[{"href":"https:\/\/lisaaloylya.fi\/sv\/wp-json\/wp\/v2\/media?parent=2079"}],"curies":[{"name":"wp","href":"https:\/\/api.w.org\/{rel}","templated":true}]}}