{"id":2230,"date":"2024-10-24T18:07:25","date_gmt":"2024-10-24T18:07:25","guid":{"rendered":"https:\/\/lisaaloylya.fi\/?page_id=2230"},"modified":"2025-04-14T10:07:14","modified_gmt":"2025-04-14T10:07:14","slug":"blogg","status":"publish","type":"page","link":"https:\/\/lisaaloylya.fi\/sv\/blogg\/","title":{"rendered":"Blogg"},"content":{"rendered":"<p>[et_pb_section fb_built=&#8221;1&#8243; disabled_on=&#8221;off|off|off&#8221; admin_label=&#8221;Ohjelma osio&#8221; _builder_version=&#8221;4.27.2&#8243; _module_preset=&#8221;default&#8221; background_color=&#8221;RGBA(255,255,255,0)&#8221; global_colors_info=&#8221;{}&#8221; theme_builder_area=&#8221;post_content&#8221;][et_pb_row admin_label=&#8221;Perjantai otsikko&#8221; _builder_version=&#8221;4.27.2&#8243; _module_preset=&#8221;default&#8221; global_colors_info=&#8221;{}&#8221; theme_builder_area=&#8221;post_content&#8221;][et_pb_column type=&#8221;4_4&#8243; _builder_version=&#8221;4.23.1&#8243; _module_preset=&#8221;default&#8221; global_colors_info=&#8221;{}&#8221; theme_builder_area=&#8221;post_content&#8221;][ba_gradient_heading title=&#8221;Lis\u00e4\u00e4 L\u00f6yly\u00e4 p\u00e5 sociala medier&#8221; primary_color=&#8221;#EDF000&#8243; secondary_color=&#8221;#fc6423&#8243; admin_label=&#8221;Otsikko&#8221; _builder_version=&#8221;4.27.2&#8243; _module_preset=&#8221;default&#8221; title_font=&#8221;|700||||on|||&#8221; title_text_align=&#8221;center&#8221; global_colors_info=&#8221;{}&#8221; theme_builder_area=&#8221;post_content&#8221;][\/ba_gradient_heading][\/et_pb_column][\/et_pb_row][\/et_pb_section][et_pb_section fb_built=&#8221;1&#8243; fullwidth=&#8221;on&#8221; _builder_version=&#8221;4.27.2&#8243; _module_preset=&#8221;default&#8221; background_color=&#8221;#000000&#8243; global_colors_info=&#8221;{}&#8221; theme_builder_area=&#8221;post_content&#8221;][et_pb_fullwidth_code disabled_on=&#8221;off|off|off&#8221; _builder_version=&#8221;4.27.2&#8243; _module_preset=&#8221;default&#8221; background_color=&#8221;#000000&#8243; text_orientation=&#8221;center&#8221; global_colors_info=&#8221;{}&#8221; theme_builder_area=&#8221;post_content&#8221;]<link rel='stylesheet' id='ff-dynamic-css2' type='text\/css' href='https:\/\/lisaaloylya.fi\/wp-content\/resources\/flow-flow\/css\/stream-id2.css?ver=1745404812'\/><!-- Flow-Flow \u2014 Social stream plugin for WordPress -->\n<div class=\"ff-stream\" data-plugin=\"flow_flow\" id=\"ff-stream-2\"><span class=\"ff-loader\"><span\n            class=\"ff-square\"><\/span><span class=\"ff-square\"><\/span><span class=\"ff-square ff-last\"><\/span><span\n            class=\"ff-square ff-clear\"><\/span><span class=\"ff-square\"><\/span><span\n            class=\"ff-square ff-last\"><\/span><span class=\"ff-square ff-clear\"><\/span><span\n            class=\"ff-square\"><\/span><span class=\"ff-square ff-last\"><\/span><\/span><\/div>\n<svg aria-hidden=\"true\" style=\"position: absolute; width: 0; height: 0; overflow: hidden;\" version=\"1.1\">\n    <defs>\n        <symbol id=\"ff-icon-heart\" viewBox=\"0 0 48 48\">\n            <path\n                d=\"M34.6 3.1c-4.5 0-7.9 1.8-10.6 5.6-2.7-3.7-6.1-5.5-10.6-5.5C6 3.1 0 9.6 0 17.6c0 7.3 5.4 12 10.6 16.5.6.5 1.3 1.1 1.9 1.7l2.3 2c4.4 3.9 6.6 5.9 7.6 6.5.5.3 1.1.5 1.6.5s1.1-.2 1.6-.5c1-.6 2.8-2.2 7.8-6.8l2-1.8c.7-.6 1.3-1.2 2-1.7C42.7 29.6 48 25 48 17.6c0-8-6-14.5-13.4-14.5z\">\n            <\/path>\n        <\/symbol>\n    <\/defs>\n<\/svg>\n\n\n<script>\n    window.flow_flow_streams = window.flow_flow_streams || [];\n    window.flow_flow_streams.push({\"id\":\"2\",\"hash\":\"1778844292.0decb18b655684679a151d2e7d03ded67d62553cdb09789ad01d8ccee18219af172a1c2d2d389cdc26ba46ee13ae8cd6\",\"stream\":{\"name\":\"Lis\\u00e4\\u00e4\",\"cloud\":\"nope\",\"mod\":\"nope\",\"order\":\"compareByTime\",\"posts\":\"30\",\"page-posts\":\"15\",\"cache\":\"yep\",\"cache_lifetime\":\"10\",\"gallery\":\"yep\",\"gallery-type\":\"classic\",\"private\":\"nope\",\"hide-on-desktop\":\"nope\",\"hide-on-mobile\":\"nope\",\"max-res\":\"nope\",\"show-only-media-posts\":\"nope\",\"titles\":\"nope\",\"hidemeta\":\"nope\",\"hidetext\":\"nope\",\"headingcolor\":\"rgb(59, 61, 64)\",\"subheadingcolor\":\"rgb(114, 112, 114)\",\"hhalign\":\"center\",\"bgcolor\":\"rgb(255, 138, 51)\",\"filter\":\"yep\",\"filtercolor\":\"rgb(205, 205, 205)\",\"mobileslider\":\"nope\",\"viewportin\":\"yep\",\"width\":\"260\",\"margin\":\"20\",\"layout\":\"masonry\",\"theme\":\"classic\",\"gc-style\":\"style-1\",\"upic-pos\":\"timestamp\",\"upic-style\":\"square\",\"bradius\":\"15\",\"icon-style\":\"label1\",\"icon-col\":\"dark\",\"cardcolor\":\"rgb(255, 255, 255)\",\"namecolor\":\"rgb(59, 61, 64)\",\"textcolor\":\"rgb(131, 141, 143)\",\"linkscolor\":\"rgb(94, 159, 202)\",\"restcolor\":\"rgb(132, 118, 129)\",\"shadow\":\"rgba(0, 0, 0, 0.05)\",\"bcolor\":\"rgba(0, 0, 0, 0.75)\",\"talign\":\"left\",\"icons-style\":\"outline\",\"cards-num\":\"3\",\"scrolltop\":\"yep\",\"c-desktop\":\"5\",\"c-laptop\":\"4\",\"c-tablet-l\":\"3\",\"c-tablet-p\":\"2\",\"c-smart-l\":\"2\",\"c-smart-p\":\"1\",\"s-desktop\":\"15\",\"s-laptop\":\"15\",\"s-tablet-l\":\"10\",\"s-tablet-p\":\"10\",\"s-smart-l\":\"15\",\"s-smart-p\":\"15\",\"m-c-desktop\":\"5\",\"m-c-laptop\":\"4\",\"m-c-tablet-l\":\"3\",\"m-c-tablet-p\":\"2\",\"m-c-smart-l\":\"2\",\"m-c-smart-p\":\"1\",\"m-s-desktop\":\"15\",\"m-s-laptop\":\"15\",\"m-s-tablet-l\":\"10\",\"m-s-tablet-p\":\"10\",\"m-s-smart-l\":\"15\",\"m-s-smart-p\":\"15\",\"j-h-desktop\":\"260\",\"j-h-laptop\":\"240\",\"j-h-tablet-l\":\"220\",\"j-h-tablet-p\":\"200\",\"j-h-smart-l\":\"180\",\"j-h-smart-p\":\"160\",\"j-s-desktop\":\"0\",\"j-s-laptop\":\"0\",\"j-s-tablet-l\":\"0\",\"j-s-tablet-p\":\"0\",\"j-s-smart-l\":\"0\",\"j-s-smart-p\":\"0\",\"c-r-desktop\":\"2\",\"c-r-laptop\":\"2\",\"c-r-tablet-l\":\"2\",\"c-r-tablet-p\":\"2\",\"c-r-smart-l\":\"2\",\"c-r-smart-p\":\"2\",\"c-c-desktop\":\"5\",\"c-c-laptop\":\"4\",\"c-c-tablet-l\":\"3\",\"c-c-tablet-p\":\"3\",\"c-c-smart-l\":\"2\",\"c-c-smart-p\":\"2\",\"c-s-desktop\":\"0\",\"c-s-laptop\":\"0\",\"c-s-tablet-l\":\"0\",\"c-s-tablet-p\":\"0\",\"c-s-smart-l\":\"0\",\"c-s-smart-p\":\"0\",\"c-arrows-always\":\"yep\",\"c-arrows-mob\":\"nope\",\"c-dots\":\"yep\",\"c-dots-mob\":\"nope\",\"wallvm\":\"20\",\"wallhm\":\"0\",\"wallcomments\":\"yep\",\"g-ratio-w\":\"1\",\"g-ratio-h\":\"2\",\"g-ratio-img\":\"1\\\/2\",\"g-overlay\":\"nope\",\"m-overlay\":\"nope\",\"template\":[\"image\",\"header\",\"text\",\"meta\"],\"tv\":\"nope\",\"tv-int\":\"5\",\"big\":\"nope\",\"id\":\"2\",\"last_changes\":1745404812,\"status\":\"1\",\"feeds\":[{\"id\":\"tq75003\",\"errors\":[],\"status\":\"1\",\"enabled\":\"yep\",\"last_update\":\"maj 15 11:24\",\"cache_lifetime\":\"360\",\"system_enabled\":\"1\",\"boosted\":\"nope\",\"timeline-type\":\"page_timeline\",\"content\":\"Lisaaloylya2020\",\"posts\":\"10\",\"mod\":\"nope\",\"mod-approve\":\"nope\",\"type\":\"facebook\",\"include\":\"\",\"filter-by-words\":\"\",\"page\":\"1\"}],\"preview\":false},\"ads\":false,\"js_opts\":{\"streams\":{},\"open_in_new\":\"yep\",\"filter_all\":\"All\",\"filter_search\":\"Search\",\"expand_text\":\"Expand\",\"collapse_text\":\"Collapse\",\"posted_on\":\"Posted on\",\"followers\":\"Followers\",\"following\":\"Following\",\"posts\":\"Posts\",\"show_more\":\"Show more\",\"date_style\":\"agoStyleDate\",\"dates\":{\"Yesterday\":\"Yesterday\",\"s\":\"s\",\"m\":\"m\",\"h\":\"h\",\"ago\":\"ago\",\"months\":[\"Jan\",\"Feb\",\"March\",\"April\",\"May\",\"June\",\"July\",\"Aug\",\"Sept\",\"Oct\",\"Nov\",\"Dec\"]},\"lightbox_navigate\":\"Navigate with arrow keys\",\"view_on\":\"View on\",\"view_on_site\":\"View on site\",\"view_all\":\"View all\",\"comments\":\"comments\",\"scroll\":\"Scroll for more\",\"no_comments\":\"No comments yet.\",\"check_comments\":\"Check all comments\",\"be_first\":\"Be the first!\",\"loading\":\"Loading\",\"server_time\":1778852478,\"forceHTTPS\":\"yep\",\"isAdmin\":false,\"ajaxurl\":\"https:\\\/\\\/lisaaloylya.fi\\\/wp-admin\\\/admin-ajax.php\",\"isLog\":false,\"plugin_base\":\"https:\\\/\\\/lisaaloylya.fi\\\/wp-content\\\/plugins\\\/flow-flow\",\"plugin_ver\":\"4.9.86\",\"domain\":\"lisaaloylya.fi\",\"refresh_nonce\":\"ea5dabfef1\",\"token\":\"\"},\"domain\":\"lisaaloylya.fi\",\"plugin_directory\":\"https:\\\/\\\/lisaaloylya.fi\\\/wp-content\\\/plugins\\\/flow-flow\",\"plugin_base\":\"https:\\\/\\\/lisaaloylya.fi\\\/wp-content\\\/plugins\\\/flow-flow\",\"version\":\"4.9.86\",\"ajaxurl\":\"https:\\\/\\\/lisaaloylya.fi\\\/wp-admin\\\/admin-ajax.php\",\"disableCache\":false,\"page\":\"0\",\"is_preview\":false,\"boosted\":false,\"moderation\":false,\"admin\":false,\"dependencies\":[]});\n<\/script>\n\n<script src=\"https:\/\/lisaaloylya.fi\/wp-content\/plugins\/flow-flow\/js\/stream-loader.js?ver=4.9.86\"><\/script>\n<!-- Flow-Flow \u2014 Social streams plugin for Wordpress -->[\/et_pb_fullwidth_code][\/et_pb_section]<\/p>\n","protected":false},"excerpt":{"rendered":"<p><div class=\"et_pb_module ba_gradient_heading ba_gradient_heading_0\">\n\t\t\t\t\n\t\t\t\t\n\t\t\t\t\n\t\t\t\t\n\t\t\t\t\n\t\t\t\t\n\t\t\t\t<div class=\"et_pb_module_inner\">\n\t\t\t\t\t<h1 class=\"dtq-gradient-heading\">Lis\u00e4\u00e4 L\u00f6yly\u00e4 p\u00e5 sociala medier<\/h1>\n\t\t\t\t<\/div>\n\t\t\t<\/div><link rel='stylesheet' id='ff-dynamic-css2' type='text\/css' href='https:\/\/lisaaloylya.fi\/wp-content\/resources\/flow-flow\/css\/stream-id2.css?ver=1745404812'\/><!-- Flow-Flow \u2014 Social stream plugin for WordPress -->\n<div class=\"ff-stream\" data-plugin=\"flow_flow\" id=\"ff-stream-2\"><span class=\"ff-loader\"><span\n            class=\"ff-square\"><\/span><span class=\"ff-square\"><\/span><span class=\"ff-square ff-last\"><\/span><span\n            class=\"ff-square ff-clear\"><\/span><span class=\"ff-square\"><\/span><span\n            class=\"ff-square ff-last\"><\/span><span class=\"ff-square ff-clear\"><\/span><span\n            class=\"ff-square\"><\/span><span class=\"ff-square ff-last\"><\/span><\/span><\/div>\n<svg aria-hidden=\"true\" style=\"position: absolute; width: 0; height: 0; overflow: hidden;\" version=\"1.1\">\n    <defs>\n        <symbol id=\"ff-icon-heart\" viewBox=\"0 0 48 48\">\n            <path\n                d=\"M34.6 3.1c-4.5 0-7.9 1.8-10.6 5.6-2.7-3.7-6.1-5.5-10.6-5.5C6 3.1 0 9.6 0 17.6c0 7.3 5.4 12 10.6 16.5.6.5 1.3 1.1 1.9 1.7l2.3 2c4.4 3.9 6.6 5.9 7.6 6.5.5.3 1.1.5 1.6.5s1.1-.2 1.6-.5c1-.6 2.8-2.2 7.8-6.8l2-1.8c.7-.6 1.3-1.2 2-1.7C42.7 29.6 48 25 48 17.6c0-8-6-14.5-13.4-14.5z\">\n            <\/path>\n        <\/symbol>\n    <\/defs>\n<\/svg>\n\n\n<script>\n    window.flow_flow_streams = window.flow_flow_streams || [];\n    window.flow_flow_streams.push({\"id\":\"2\",\"hash\":\"1778844292.0decb18b655684679a151d2e7d03ded67d62553cdb09789ad01d8ccee18219af172a1c2d2d389cdc26ba46ee13ae8cd6\",\"stream\":{\"name\":\"Lis\\u00e4\\u00e4\",\"cloud\":\"nope\",\"mod\":\"nope\",\"order\":\"compareByTime\",\"posts\":\"30\",\"page-posts\":\"15\",\"cache\":\"yep\",\"cache_lifetime\":\"10\",\"gallery\":\"yep\",\"gallery-type\":\"classic\",\"private\":\"nope\",\"hide-on-desktop\":\"nope\",\"hide-on-mobile\":\"nope\",\"max-res\":\"nope\",\"show-only-media-posts\":\"nope\",\"titles\":\"nope\",\"hidemeta\":\"nope\",\"hidetext\":\"nope\",\"headingcolor\":\"rgb(59, 61, 64)\",\"subheadingcolor\":\"rgb(114, 112, 114)\",\"hhalign\":\"center\",\"bgcolor\":\"rgb(255, 138, 51)\",\"filter\":\"yep\",\"filtercolor\":\"rgb(205, 205, 205)\",\"mobileslider\":\"nope\",\"viewportin\":\"yep\",\"width\":\"260\",\"margin\":\"20\",\"layout\":\"masonry\",\"theme\":\"classic\",\"gc-style\":\"style-1\",\"upic-pos\":\"timestamp\",\"upic-style\":\"square\",\"bradius\":\"15\",\"icon-style\":\"label1\",\"icon-col\":\"dark\",\"cardcolor\":\"rgb(255, 255, 255)\",\"namecolor\":\"rgb(59, 61, 64)\",\"textcolor\":\"rgb(131, 141, 143)\",\"linkscolor\":\"rgb(94, 159, 202)\",\"restcolor\":\"rgb(132, 118, 129)\",\"shadow\":\"rgba(0, 0, 0, 0.05)\",\"bcolor\":\"rgba(0, 0, 0, 0.75)\",\"talign\":\"left\",\"icons-style\":\"outline\",\"cards-num\":\"3\",\"scrolltop\":\"yep\",\"c-desktop\":\"5\",\"c-laptop\":\"4\",\"c-tablet-l\":\"3\",\"c-tablet-p\":\"2\",\"c-smart-l\":\"2\",\"c-smart-p\":\"1\",\"s-desktop\":\"15\",\"s-laptop\":\"15\",\"s-tablet-l\":\"10\",\"s-tablet-p\":\"10\",\"s-smart-l\":\"15\",\"s-smart-p\":\"15\",\"m-c-desktop\":\"5\",\"m-c-laptop\":\"4\",\"m-c-tablet-l\":\"3\",\"m-c-tablet-p\":\"2\",\"m-c-smart-l\":\"2\",\"m-c-smart-p\":\"1\",\"m-s-desktop\":\"15\",\"m-s-laptop\":\"15\",\"m-s-tablet-l\":\"10\",\"m-s-tablet-p\":\"10\",\"m-s-smart-l\":\"15\",\"m-s-smart-p\":\"15\",\"j-h-desktop\":\"260\",\"j-h-laptop\":\"240\",\"j-h-tablet-l\":\"220\",\"j-h-tablet-p\":\"200\",\"j-h-smart-l\":\"180\",\"j-h-smart-p\":\"160\",\"j-s-desktop\":\"0\",\"j-s-laptop\":\"0\",\"j-s-tablet-l\":\"0\",\"j-s-tablet-p\":\"0\",\"j-s-smart-l\":\"0\",\"j-s-smart-p\":\"0\",\"c-r-desktop\":\"2\",\"c-r-laptop\":\"2\",\"c-r-tablet-l\":\"2\",\"c-r-tablet-p\":\"2\",\"c-r-smart-l\":\"2\",\"c-r-smart-p\":\"2\",\"c-c-desktop\":\"5\",\"c-c-laptop\":\"4\",\"c-c-tablet-l\":\"3\",\"c-c-tablet-p\":\"3\",\"c-c-smart-l\":\"2\",\"c-c-smart-p\":\"2\",\"c-s-desktop\":\"0\",\"c-s-laptop\":\"0\",\"c-s-tablet-l\":\"0\",\"c-s-tablet-p\":\"0\",\"c-s-smart-l\":\"0\",\"c-s-smart-p\":\"0\",\"c-arrows-always\":\"yep\",\"c-arrows-mob\":\"nope\",\"c-dots\":\"yep\",\"c-dots-mob\":\"nope\",\"wallvm\":\"20\",\"wallhm\":\"0\",\"wallcomments\":\"yep\",\"g-ratio-w\":\"1\",\"g-ratio-h\":\"2\",\"g-ratio-img\":\"1\\\/2\",\"g-overlay\":\"nope\",\"m-overlay\":\"nope\",\"template\":[\"image\",\"header\",\"text\",\"meta\"],\"tv\":\"nope\",\"tv-int\":\"5\",\"big\":\"nope\",\"id\":\"2\",\"last_changes\":1745404812,\"status\":\"1\",\"feeds\":[{\"id\":\"tq75003\",\"errors\":[],\"status\":\"1\",\"enabled\":\"yep\",\"last_update\":\"maj 15 11:24\",\"cache_lifetime\":\"360\",\"system_enabled\":\"1\",\"boosted\":\"nope\",\"timeline-type\":\"page_timeline\",\"content\":\"Lisaaloylya2020\",\"posts\":\"10\",\"mod\":\"nope\",\"mod-approve\":\"nope\",\"type\":\"facebook\",\"include\":\"\",\"filter-by-words\":\"\",\"page\":\"1\"}],\"preview\":false},\"ads\":false,\"js_opts\":{\"streams\":{},\"open_in_new\":\"yep\",\"filter_all\":\"All\",\"filter_search\":\"Search\",\"expand_text\":\"Expand\",\"collapse_text\":\"Collapse\",\"posted_on\":\"Posted on\",\"followers\":\"Followers\",\"following\":\"Following\",\"posts\":\"Posts\",\"show_more\":\"Show more\",\"date_style\":\"agoStyleDate\",\"dates\":{\"Yesterday\":\"Yesterday\",\"s\":\"s\",\"m\":\"m\",\"h\":\"h\",\"ago\":\"ago\",\"months\":[\"Jan\",\"Feb\",\"March\",\"April\",\"May\",\"June\",\"July\",\"Aug\",\"Sept\",\"Oct\",\"Nov\",\"Dec\"]},\"lightbox_navigate\":\"Navigate with arrow keys\",\"view_on\":\"View on\",\"view_on_site\":\"View on site\",\"view_all\":\"View all\",\"comments\":\"comments\",\"scroll\":\"Scroll for more\",\"no_comments\":\"No comments yet.\",\"check_comments\":\"Check all comments\",\"be_first\":\"Be the first!\",\"loading\":\"Loading\",\"server_time\":1778852479,\"forceHTTPS\":\"yep\",\"isAdmin\":false,\"ajaxurl\":\"https:\\\/\\\/lisaaloylya.fi\\\/wp-admin\\\/admin-ajax.php\",\"isLog\":false,\"plugin_base\":\"https:\\\/\\\/lisaaloylya.fi\\\/wp-content\\\/plugins\\\/flow-flow\",\"plugin_ver\":\"4.9.86\",\"domain\":\"lisaaloylya.fi\",\"refresh_nonce\":\"ea5dabfef1\",\"token\":\"\"},\"domain\":\"lisaaloylya.fi\",\"plugin_directory\":\"https:\\\/\\\/lisaaloylya.fi\\\/wp-content\\\/plugins\\\/flow-flow\",\"plugin_base\":\"https:\\\/\\\/lisaaloylya.fi\\\/wp-content\\\/plugins\\\/flow-flow\",\"version\":\"4.9.86\",\"ajaxurl\":\"https:\\\/\\\/lisaaloylya.fi\\\/wp-admin\\\/admin-ajax.php\",\"disableCache\":false,\"page\":\"0\",\"is_preview\":false,\"boosted\":false,\"moderation\":false,\"admin\":false,\"dependencies\":[]});\n<\/script>\n\n\n<!-- Flow-Flow \u2014 Social streams plugin for Wordpress --><\/p>\n","protected":false},"author":1,"featured_media":0,"parent":0,"menu_order":0,"comment_status":"closed","ping_status":"closed","template":"","meta":{"_et_pb_use_builder":"on","_et_pb_old_content":"","_et_gb_content_width":"","footnotes":""},"class_list":["post-2230","page","type-page","status-publish","hentry"],"_links":{"self":[{"href":"https:\/\/lisaaloylya.fi\/sv\/wp-json\/wp\/v2\/pages\/2230","targetHints":{"allow":["GET"]}}],"collection":[{"href":"https:\/\/lisaaloylya.fi\/sv\/wp-json\/wp\/v2\/pages"}],"about":[{"href":"https:\/\/lisaaloylya.fi\/sv\/wp-json\/wp\/v2\/types\/page"}],"author":[{"embeddable":true,"href":"https:\/\/lisaaloylya.fi\/sv\/wp-json\/wp\/v2\/users\/1"}],"replies":[{"embeddable":true,"href":"https:\/\/lisaaloylya.fi\/sv\/wp-json\/wp\/v2\/comments?post=2230"}],"version-history":[{"count":5,"href":"https:\/\/lisaaloylya.fi\/sv\/wp-json\/wp\/v2\/pages\/2230\/revisions"}],"predecessor-version":[{"id":2688,"href":"https:\/\/lisaaloylya.fi\/sv\/wp-json\/wp\/v2\/pages\/2230\/revisions\/2688"}],"wp:attachment":[{"href":"https:\/\/lisaaloylya.fi\/sv\/wp-json\/wp\/v2\/media?parent=2230"}],"curies":[{"name":"wp","href":"https:\/\/api.w.org\/{rel}","templated":true}]}}