{"id":619,"date":"2023-05-18T09:03:54","date_gmt":"2023-05-18T09:03:54","guid":{"rendered":"https:\/\/lisaaloylya.fi\/?page_id=619"},"modified":"2026-04-02T12:51:31","modified_gmt":"2026-04-02T12:51:31","slug":"biljetter","status":"publish","type":"page","link":"https:\/\/lisaaloylya.fi\/sv\/biljetter\/","title":{"rendered":"Biljetter"},"content":{"rendered":"<p>[et_pb_section fb_built=&#8221;1&#8243; disabled_on=&#8221;off|off|off&#8221; admin_label=&#8221;Peruslippu&#8221; _builder_version=&#8221;4.27.4&#8243; background_color=&#8221;#56190c&#8221; border_radii=&#8221;on|20px|20px|20px|20px&#8221; global_colors_info=&#8221;{}&#8221; theme_builder_area=&#8221;post_content&#8221;][et_pb_row admin_label=&#8221;Normalprisbiljett&#8221; _builder_version=&#8221;4.27.4&#8243; background_size=&#8221;initial&#8221; background_position=&#8221;top_left&#8221; background_repeat=&#8221;repeat&#8221; global_colors_info=&#8221;{}&#8221; theme_builder_area=&#8221;post_content&#8221;][et_pb_column type=&#8221;4_4&#8243; _builder_version=&#8221;4.16&#8243; custom_padding=&#8221;|||&#8221; global_colors_info=&#8221;{}&#8221; custom_padding__hover=&#8221;|||&#8221; theme_builder_area=&#8221;post_content&#8221;][ba_gradient_heading title=&#8221;Biljetter&#8221; primary_color=&#8221;#EDF000&#8243; secondary_color=&#8221;#fc6423&#8243; _builder_version=&#8221;4.27.4&#8243; _module_preset=&#8221;default&#8221; title_font=&#8221;|700||||on|||&#8221; global_colors_info=&#8221;{}&#8221; theme_builder_area=&#8221;post_content&#8221;][\/ba_gradient_heading][et_pb_text admin_label=&#8221;Peruslippu hinta&#8221; _builder_version=&#8221;4.27.6&#8243; text_text_color=&#8221;#FFFFFF&#8221; header_text_color=&#8221;#FFFFFF&#8221; header_font_size=&#8221;20px&#8221; header_line_height=&#8221;1.7em&#8221; header_2_text_color=&#8221;#FFFFFF&#8221; header_2_line_height=&#8221;1.6em&#8221; header_3_text_color=&#8221;#FFFFFF&#8221; header_3_line_height=&#8221;1.4em&#8221; header_4_text_color=&#8221;#FFFFFF&#8221; header_4_line_height=&#8221;1.4em&#8221; background_size=&#8221;initial&#8221; background_position=&#8221;top_left&#8221; background_repeat=&#8221;repeat&#8221; hover_enabled=&#8221;0&#8243; global_colors_info=&#8221;{}&#8221; theme_builder_area=&#8221;post_content&#8221; sticky_enabled=&#8221;0&#8243;]<\/p>\n<h3>Tv\u00e5 dagar &#8211; Early bird 2 119 \u20ac fr\u00e5n 1 april<br \/>Tv\u00e5 dagar 129 \u20ac fr\u00e5n 16 maj <\/h3>\n<h3>VIP Tv\u00e5 dagar 229 \u20ac.<\/h3>\n<h4>VIP-biljetten inkluderar:<br \/>\u2022 Eget omr\u00e5de med synlighet till b\u00e5da scenerna<br \/>\u2022 Egen WC<br \/>\u2022 Egen bar<br \/>\u2022 Bord och stolar<br \/>\u2022 N\u00e5got sm\u00e5tt att \u00e4ta<\/h4>\n<h3>Dagsbiljetter kommer till salu 1.1.2026 79 \u20ac\/p\u00e4iv\u00e4<br \/>Biljett vid porten 240\u20ac\/140\u20ac\/90\u20ac<\/h3>\n<h3>K-18<\/h3>\n<p>[\/et_pb_text][et_pb_button button_url=&#8221;https:\/\/embed.netticket.fi\/lisaa-loylya-2026?language=sv&#8221; button_text=&#8221;Shoppa biljetter h\u00e4r!&#8221; _builder_version=&#8221;4.27.4&#8243; _module_preset=&#8221;default&#8221; custom_button=&#8221;on&#8221; button_text_color=&#8221;#EDF000&#8243; button_bg_color=&#8221;#aa1914&#8243; button_icon=&#8221;&#xf217;||fa||900&#8243; custom_margin=&#8221;50px||50px||false|false&#8221; global_colors_info=&#8221;{}&#8221; theme_builder_area=&#8221;post_content&#8221;][\/et_pb_button][\/et_pb_column][\/et_pb_row][\/et_pb_section][et_pb_section fb_built=&#8221;1&#8243; fullwidth=&#8221;on&#8221; _builder_version=&#8221;4.27.4&#8243; _module_preset=&#8221;default&#8221; custom_margin=&#8221;50px||||false|false&#8221; global_colors_info=&#8221;{}&#8221; theme_builder_area=&#8221;post_content&#8221;][et_pb_fullwidth_code _builder_version=&#8221;4.27.4&#8243; _module_preset=&#8221;default&#8221; custom_margin=&#8221;0px||||false|false&#8221; global_colors_info=&#8221;{}&#8221; theme_builder_area=&#8221;post_content&#8221;]<!-- Groweo SmartForm --><!-- [et_pb_line_break_holder] --><\/p>\n<div class=\"gw-smartform\"><!-- [et_pb_line_break_holder] -->  <script src=\"https:\/\/engine3.groweo.com\/smartBlock\/script.js\" data-cookieconsent=\"ignore\" data-no-optimize=\"1\" data-no-lazy=\"1\"><\/script><!-- [et_pb_line_break_holder] --><iframe id=\"65d2fed6b9200fefb4e47990-65ae39e8d2ebf26c09fb3c78-inpage\" src=\"https:\/\/engine3.groweo.com\/smartBlock\/?url=https:\/\/engine3.groweo.com\/api\/65ae39e8d2ebf26c09fb3c78\/65d2fed6b9200fefb4e47990&amp;publishUrl=https:\/\/engine3.groweo.com\/api\/session\/response&amp;workspaceId=65ae39e8d2ebf26c09fb3c78&amp;moduleId=65d2fed6b9200fefb4e47990&amp;inPage=true&amp;isPreview=false&amp;language=fi\" height=\"100%\" width=\"100%\" frameborder=\"0\" scrolling=\"no\"><!-- [et_pb_line_break_holder] --><\/iframe><!-- [et_pb_line_break_holder] --><\/div>\n<p><!-- [et_pb_line_break_holder] --><!-- [et_pb_line_break_holder] --><!-- [et_pb_line_break_holder] -->[\/et_pb_fullwidth_code][\/et_pb_section]<\/p>\n","protected":false},"excerpt":{"rendered":"<p><div class=\"et_pb_module ba_gradient_heading ba_gradient_heading_0\">\n\t\t\t\t\n\t\t\t\t\n\t\t\t\t\n\t\t\t\t\n\t\t\t\t\n\t\t\t\t\n\t\t\t\t<div class=\"et_pb_module_inner\">\n\t\t\t\t\t<h1 class=\"dtq-gradient-heading\">Biljetter<\/h1>\n\t\t\t\t<\/div>\n\t\t\t<\/div>Tv\u00e5 dagar &#8211; Early bird 2 119 \u20ac fr\u00e5n 1 aprilTv\u00e5 dagar 129 \u20ac fr\u00e5n 16 maj VIP Tv\u00e5 dagar 229 \u20ac. VIP-biljetten inkluderar:\u2022 Eget omr\u00e5de med synlighet till b\u00e5da scenerna\u2022 Egen WC\u2022 Egen bar\u2022 Bord och stolar\u2022 N\u00e5got sm\u00e5tt att \u00e4ta Dagsbiljetter kommer till salu 1.1.2026 [&hellip;]<\/p>\n","protected":false},"author":1,"featured_media":0,"parent":0,"menu_order":0,"comment_status":"closed","ping_status":"closed","template":"","meta":{"_et_pb_use_builder":"on","_et_pb_old_content":"","_et_gb_content_width":"","footnotes":""},"class_list":["post-619","page","type-page","status-publish","hentry"],"_links":{"self":[{"href":"https:\/\/lisaaloylya.fi\/sv\/wp-json\/wp\/v2\/pages\/619","targetHints":{"allow":["GET"]}}],"collection":[{"href":"https:\/\/lisaaloylya.fi\/sv\/wp-json\/wp\/v2\/pages"}],"about":[{"href":"https:\/\/lisaaloylya.fi\/sv\/wp-json\/wp\/v2\/types\/page"}],"author":[{"embeddable":true,"href":"https:\/\/lisaaloylya.fi\/sv\/wp-json\/wp\/v2\/users\/1"}],"replies":[{"embeddable":true,"href":"https:\/\/lisaaloylya.fi\/sv\/wp-json\/wp\/v2\/comments?post=619"}],"version-history":[{"count":5,"href":"https:\/\/lisaaloylya.fi\/sv\/wp-json\/wp\/v2\/pages\/619\/revisions"}],"predecessor-version":[{"id":3618,"href":"https:\/\/lisaaloylya.fi\/sv\/wp-json\/wp\/v2\/pages\/619\/revisions\/3618"}],"wp:attachment":[{"href":"https:\/\/lisaaloylya.fi\/sv\/wp-json\/wp\/v2\/media?parent=619"}],"curies":[{"name":"wp","href":"https:\/\/api.w.org\/{rel}","templated":true}]}}